{"id":177,"date":"2019-07-18T11:49:28","date_gmt":"2019-07-18T11:49:28","guid":{"rendered":"http:\/\/demos.reytheme.com\/melbourne\/?page_id=177"},"modified":"2022-07-21T12:39:43","modified_gmt":"2022-07-21T17:39:43","slug":"terminos-y-condiciones","status":"publish","type":"page","link":"https:\/\/gidress.com\/es\/terminos-y-condiciones\/","title":{"rendered":"T\u00e9rminos y condiciones"},"content":{"rendered":"\t\t<div data-elementor-type=\"wp-page\" data-elementor-id=\"177\" class=\"elementor elementor-177\" data-elementor-post-type=\"page\">\n\t\t\t\t\t\t<section class=\"elementor-section elementor-top-section elementor-element elementor-element-3ee6a8d elementor-section-boxed elementor-section-height-default elementor-section-height-default\" data-id=\"3ee6a8d\" data-element_type=\"section\" data-settings=\"{&quot;jet_parallax_layout_list&quot;:[{&quot;jet_parallax_layout_image&quot;:{&quot;url&quot;:&quot;&quot;,&quot;id&quot;:&quot;&quot;,&quot;size&quot;:&quot;&quot;},&quot;_id&quot;:&quot;efc6e0b&quot;,&quot;jet_parallax_layout_image_tablet&quot;:{&quot;url&quot;:&quot;&quot;,&quot;id&quot;:&quot;&quot;,&quot;size&quot;:&quot;&quot;},&quot;jet_parallax_layout_image_mobile&quot;:{&quot;url&quot;:&quot;&quot;,&quot;id&quot;:&quot;&quot;,&quot;size&quot;:&quot;&quot;},&quot;jet_parallax_layout_speed&quot;:{&quot;unit&quot;:&quot;%&quot;,&quot;size&quot;:50,&quot;sizes&quot;:[]},&quot;jet_parallax_layout_type&quot;:&quot;scroll&quot;,&quot;jet_parallax_layout_direction&quot;:&quot;1&quot;,&quot;jet_parallax_layout_fx_direction&quot;:null,&quot;jet_parallax_layout_z_index&quot;:&quot;&quot;,&quot;jet_parallax_layout_bg_x&quot;:50,&quot;jet_parallax_layout_bg_x_tablet&quot;:&quot;&quot;,&quot;jet_parallax_layout_bg_x_mobile&quot;:&quot;&quot;,&quot;jet_parallax_layout_bg_y&quot;:50,&quot;jet_parallax_layout_bg_y_tablet&quot;:&quot;&quot;,&quot;jet_parallax_layout_bg_y_mobile&quot;:&quot;&quot;,&quot;jet_parallax_layout_bg_size&quot;:&quot;auto&quot;,&quot;jet_parallax_layout_bg_size_tablet&quot;:&quot;&quot;,&quot;jet_parallax_layout_bg_size_mobile&quot;:&quot;&quot;,&quot;jet_parallax_layout_animation_prop&quot;:&quot;transform&quot;,&quot;jet_parallax_layout_on&quot;:[&quot;desktop&quot;,&quot;tablet&quot;]}]}\">\n\t\t\t\t\t\t<div class=\"elementor-container elementor-column-gap-default\">\n\t\t\t\t\t<div class=\"elementor-column elementor-col-100 elementor-top-column elementor-element elementor-element-58715991\" data-id=\"58715991\" data-element_type=\"column\">\n\t\t\t<div class=\"elementor-column-wrap--58715991 elementor-widget-wrap elementor-element-populated\">\n\t\t\t\t\t\t<div class=\"elementor-element elementor-element-6c4e7bc elementor-widget elementor-widget-heading\" data-id=\"6c4e7bc\" data-element_type=\"widget\" data-widget_type=\"heading.default\">\n\t\t\t\t\t<h2 class=\"elementor-heading-title elementor-size-default\">CAMBIOS Y DEVOLUCIONES<\/h2>\t\t\t\t<\/div>\n\t\t\t\t<div class=\"elementor-element elementor-element-47b29aa elementor-widget elementor-widget-text-editor\" data-id=\"47b29aa\" data-element_type=\"widget\" data-widget_type=\"text-editor.default\">\n\t\t\t\t\t\t\t\t\t\n<p>Si deseas realizar alg\u00fan cambio por productos adquiridos en nuestra web, podr\u00e1s hacerlo dentro de los 3 d\u00edas h\u00e1biles a partir de la fecha de entrega de la compra y siempre y cuando sea por un motivo de cambio de talla.<\/p>\n<p>Comun\u00edcate con nuestro equipo de atenci\u00f3n al cliente al siguiente mail gidressclothing@gmail.com \u00a0para comenzar el tr\u00e1mite de tu devoluci\u00f3n con la siguiente informaci\u00f3n:<\/p>\n<ul>\n<li>Fecha del pedido<\/li>\n<li>Nombre completo<\/li>\n<li>N\u00famero de tel\u00e9fono<\/li>\n<li>Comprobante de compra<\/li>\n<\/ul>\n<p>Consideramos que nuestras prendas son de uso muy personal, es por eso que la prenda a cambiar debe estar sujeta a las siguientes condiciones al igual que el proceso de cambio:<\/p>\n<ul>\n<li>La prenda debe contar con su empaque y etiquetas originales.<\/li>\n<li>El producto deber\u00e1 devolverse en \u00f3ptimas condiciones y con todos sus acabados, sin rastros de haber sido utilizado.<\/li>\n<li>El env\u00edo de la prenda debe ser asumido por el cliente, siendo este el que deba llevarlo a la oficina de San Borja para realizar dicho cambio.<\/li>\n<li>Si la solicitud de devoluci\u00f3n se realiza fuera del periodo se\u00f1alado o el art\u00edculo se ha utilizado, estropeado o no se env\u00eda en su embalaje original, no podremos aceptar la devoluci\u00f3n.<\/li>\n<li>No se realizan devoluciones de dinero<\/li>\n<li>Cambios v\u00e1lidos para un monto igual o superior a la venta (cancelando la diferencia).<\/li>\n<\/ul>\n<p>Aquellos productos que fueron adquiridos en promoci\u00f3n o con descuento no est\u00e1n sujetos a cambios ni devoluciones.<\/p>\n<p>Para compras realizadas fuera del pa\u00eds y que impliquen un env\u00edo internacional se aceptar\u00e1 hasta 1 cambio por cliente, siendo este el que asuma los costos de env\u00edo de recojo y env\u00edo del cambio.<\/p>\n\t\t\t\t\t\t\t\t<\/div>\n\t\t\t\t<div class=\"elementor-element elementor-element-1d5e79f elementor-widget elementor-widget-heading\" data-id=\"1d5e79f\" data-element_type=\"widget\" data-widget_type=\"heading.default\">\n\t\t\t\t\t<h2 class=\"elementor-heading-title elementor-size-default\">TIEMPOS DE ENTREGA\n<\/h2>\t\t\t\t<\/div>\n\t\t\t\t<div class=\"elementor-element elementor-element-03b1ace elementor-widget elementor-widget-text-editor\" data-id=\"03b1ace\" data-element_type=\"widget\" data-widget_type=\"text-editor.default\">\n\t\t\t\t\t\t\t\t\t\n<h4 class=\"wp-block-heading\"><b><i>DELIVERY LIMA METROPOLITANA<\/i><\/b><\/h4>\n<p><span style=\"font-weight: 400;\">Tenemos un plazo de entrega de 1 a 3 d\u00edas h\u00e1biles, a partir del d\u00eda posterior de realizar el pedido.<\/span><\/p>\n<p><span style=\"font-weight: 400;\">Nuestros pedidos son enviados por empresas tercerizadas, quienes son responsables de la seguridad y tiempo de los despachos por lo que no tenemos horarios exactos de entrega.<\/span><\/p>\n<h4><b><i>DELIVERY PROVINCIAS Y RESTO LIMA PROVINCIA<\/i><\/b><\/h4>\n<p><span style=\"font-weight: 400;\">Nuestros pedidos son enviados por Scharff (empresa tercerizada), quienes son responsables de la seguridad y tiempo de los despachos. Tenemos un plazo de entrega de 2 a 7 d\u00edas h\u00e1biles, a partir del d\u00eda posterior a realizar el pedido.<\/span><span style=\"font-weight: 400;\"><br \/><\/span><b>*<\/b><span style=\"font-weight: 400;\">Cabe resaltar que pueden haber demoras ocasionadas por factores externos.<\/span><\/p>\n<p><span style=\"font-weight: 400;\">En caso de urgencia de su pedido por favor comunicarse con nosotros y haremos lo posible: gidressclothing@gmail.com<\/span><\/p>\n<p><b><i>DELIVERY INTERNACIONAL<\/i><\/b><b><i><br \/><\/i><\/b><span style=\"font-weight: 400;\">Tenemos un plazo de entrega de 5 a 7 d\u00edas h\u00e1biles, a partir del d\u00eda posterior de realizar el pedido.<\/span><span style=\"font-weight: 400;\"><br \/><\/span><span style=\"font-weight: 400;\">Nuestros env\u00edos son realizados por FEDEX (empresa tercerizada), quienes son responsables de la seguridad y tiempo de los despachos.<\/span><\/p>\n\t\t\t\t\t\t\t\t<\/div>\n\t\t\t\t\t<\/div>\n\t\t<\/div>\n\t\t\t\t\t<\/div>\n\t\t<\/section>\n\t\t\t\t<\/div>\n\t\t","protected":false},"excerpt":{"rendered":"<p>CAMBIOS Y DEVOLUCIONES Si deseas realizar alg\u00fan cambio por productos adquiridos en nuestra web, podr\u00e1s hacerlo dentro de los 3 d\u00edas h\u00e1biles a partir de la fecha de entrega de la compra y siempre y cuando sea por un motivo de cambio de talla. Comun\u00edcate con nuestro equipo de atenci\u00f3n al cliente al siguiente mail [&hellip;]<\/p>\n","protected":false},"author":1,"featured_media":0,"parent":0,"menu_order":0,"comment_status":"closed","ping_status":"closed","template":"template-compact.php","meta":{"_acf_changed":false,"footnotes":""},"class_list":["post-177","page","type-page","status-publish","hentry"],"acf":[],"yoast_head":"<!-- This site is optimized with the Yoast SEO Premium plugin v26.0 (Yoast SEO v26.0) - https:\/\/yoast.com\/wordpress\/plugins\/seo\/ -->\n<title>T\u00e9rminos y condiciones | Gidress<\/title>\n<meta name=\"description\" content=\"Gidress, moda atemporal desde 2020. Prendas vers\u00e1tiles con calidad, simplicidad y elegancia, inspiradas en tendencias internacionales.\" \/>\n<meta name=\"robots\" content=\"index, follow, max-snippet:-1, max-image-preview:large, max-video-preview:-1\" \/>\n<link rel=\"canonical\" href=\"https:\/\/gidress.com\/es\/terminos-y-condiciones\/\" \/>\n<meta property=\"og:locale\" content=\"es_ES\" \/>\n<meta property=\"og:type\" content=\"article\" \/>\n<meta property=\"og:title\" content=\"T\u00e9rminos y condiciones | Gidress\" \/>\n<meta property=\"og:description\" content=\"Gidress, moda atemporal desde 2020. Prendas vers\u00e1tiles con calidad, simplicidad y elegancia, inspiradas en tendencias internacionales.\" \/>\n<meta property=\"og:url\" content=\"https:\/\/gidress.com\/es\/terminos-y-condiciones\/\" \/>\n<meta property=\"og:site_name\" content=\"Gidress\" \/>\n<meta property=\"article:publisher\" content=\"https:\/\/www.facebook.com\/Gidress-107371014981699\/\" \/>\n<meta property=\"article:modified_time\" content=\"2022-07-21T17:39:43+00:00\" \/>\n<meta property=\"og:image\" content=\"https:\/\/gidress.com\/wp-content\/uploads\/2022\/05\/linkpostgidress-3.png\" \/>\n\t<meta property=\"og:image:width\" content=\"1200\" \/>\n\t<meta property=\"og:image:height\" content=\"630\" \/>\n\t<meta property=\"og:image:type\" content=\"image\/png\" \/>\n<meta name=\"twitter:card\" content=\"summary_large_image\" \/>\n<script type=\"application\/ld+json\" class=\"yoast-schema-graph\">{\"@context\":\"https:\/\/schema.org\",\"@graph\":[{\"@type\":\"WebPage\",\"@id\":\"https:\/\/gidress.com\/es\/terminos-y-condiciones\/\",\"url\":\"https:\/\/gidress.com\/es\/terminos-y-condiciones\/\",\"name\":\"T\u00e9rminos y condiciones | Gidress\",\"isPartOf\":{\"@id\":\"https:\/\/gidress.com\/es\/#website\"},\"datePublished\":\"2019-07-18T11:49:28+00:00\",\"dateModified\":\"2022-07-21T17:39:43+00:00\",\"description\":\"Gidress, moda atemporal desde 2020. Prendas vers\u00e1tiles con calidad, simplicidad y elegancia, inspiradas en tendencias internacionales.\",\"breadcrumb\":{\"@id\":\"https:\/\/gidress.com\/es\/terminos-y-condiciones\/#breadcrumb\"},\"inLanguage\":\"es\",\"potentialAction\":[{\"@type\":\"ReadAction\",\"target\":[\"https:\/\/gidress.com\/es\/terminos-y-condiciones\/\"]}]},{\"@type\":\"BreadcrumbList\",\"@id\":\"https:\/\/gidress.com\/es\/terminos-y-condiciones\/#breadcrumb\",\"itemListElement\":[{\"@type\":\"ListItem\",\"position\":1,\"name\":\"Portada\",\"item\":\"https:\/\/gidress.com\/es\/\"},{\"@type\":\"ListItem\",\"position\":2,\"name\":\"T\u00e9rminos y condiciones\"}]},{\"@type\":\"WebSite\",\"@id\":\"https:\/\/gidress.com\/es\/#website\",\"url\":\"https:\/\/gidress.com\/es\/\",\"name\":\"Gidress\",\"description\":\"Dress like you\",\"publisher\":{\"@id\":\"https:\/\/gidress.com\/es\/#organization\"},\"alternateName\":\"Gidress\",\"potentialAction\":[{\"@type\":\"SearchAction\",\"target\":{\"@type\":\"EntryPoint\",\"urlTemplate\":\"https:\/\/gidress.com\/es\/?s={search_term_string}\"},\"query-input\":{\"@type\":\"PropertyValueSpecification\",\"valueRequired\":true,\"valueName\":\"search_term_string\"}}],\"inLanguage\":\"es\"},{\"@type\":\"Organization\",\"@id\":\"https:\/\/gidress.com\/es\/#organization\",\"name\":\"Gidress\",\"alternateName\":\"Gidress\",\"url\":\"https:\/\/gidress.com\/es\/\",\"logo\":{\"@type\":\"ImageObject\",\"inLanguage\":\"es\",\"@id\":\"https:\/\/gidress.com\/es\/#\/schema\/logo\/image\/\",\"url\":\"https:\/\/gidress.com\/wp-content\/uploads\/2022\/01\/LOGO.svg\",\"contentUrl\":\"https:\/\/gidress.com\/wp-content\/uploads\/2022\/01\/LOGO.svg\",\"width\":232,\"height\":51,\"caption\":\"Gidress\"},\"image\":{\"@id\":\"https:\/\/gidress.com\/es\/#\/schema\/logo\/image\/\"},\"sameAs\":[\"https:\/\/www.facebook.com\/Gidress-107371014981699\/\",\"https:\/\/www.instagram.com\/gidressclothing\/\"],\"description\":\"Gidress fue fundada en el 2020. Priorizando la calidad y dise\u00f1o, somos una marca atemporal que busca dar prendas que se puedan utilizar en diferentes ocasiones. Inspirada en moda de distintos pa\u00edses y teniendo simplicidad con un toque de elegancia.\",\"email\":\"info@gidress.com\"}]}<\/script>\n<!-- \/ Yoast SEO Premium plugin. -->","yoast_head_json":{"title":"T\u00e9rminos y condiciones | Gidress","description":"Gidress, moda atemporal desde 2020. Prendas vers\u00e1tiles con calidad, simplicidad y elegancia, inspiradas en tendencias internacionales.","robots":{"index":"index","follow":"follow","max-snippet":"max-snippet:-1","max-image-preview":"max-image-preview:large","max-video-preview":"max-video-preview:-1"},"canonical":"https:\/\/gidress.com\/es\/terminos-y-condiciones\/","og_locale":"es_ES","og_type":"article","og_title":"T\u00e9rminos y condiciones | Gidress","og_description":"Gidress, moda atemporal desde 2020. Prendas vers\u00e1tiles con calidad, simplicidad y elegancia, inspiradas en tendencias internacionales.","og_url":"https:\/\/gidress.com\/es\/terminos-y-condiciones\/","og_site_name":"Gidress","article_publisher":"https:\/\/www.facebook.com\/Gidress-107371014981699\/","article_modified_time":"2022-07-21T17:39:43+00:00","og_image":[{"width":1200,"height":630,"url":"https:\/\/gidress.com\/wp-content\/uploads\/2022\/05\/linkpostgidress-3.png","type":"image\/png"}],"twitter_card":"summary_large_image","schema":{"@context":"https:\/\/schema.org","@graph":[{"@type":"WebPage","@id":"https:\/\/gidress.com\/es\/terminos-y-condiciones\/","url":"https:\/\/gidress.com\/es\/terminos-y-condiciones\/","name":"T\u00e9rminos y condiciones | Gidress","isPartOf":{"@id":"https:\/\/gidress.com\/es\/#website"},"datePublished":"2019-07-18T11:49:28+00:00","dateModified":"2022-07-21T17:39:43+00:00","description":"Gidress, moda atemporal desde 2020. Prendas vers\u00e1tiles con calidad, simplicidad y elegancia, inspiradas en tendencias internacionales.","breadcrumb":{"@id":"https:\/\/gidress.com\/es\/terminos-y-condiciones\/#breadcrumb"},"inLanguage":"es","potentialAction":[{"@type":"ReadAction","target":["https:\/\/gidress.com\/es\/terminos-y-condiciones\/"]}]},{"@type":"BreadcrumbList","@id":"https:\/\/gidress.com\/es\/terminos-y-condiciones\/#breadcrumb","itemListElement":[{"@type":"ListItem","position":1,"name":"Portada","item":"https:\/\/gidress.com\/es\/"},{"@type":"ListItem","position":2,"name":"T\u00e9rminos y condiciones"}]},{"@type":"WebSite","@id":"https:\/\/gidress.com\/es\/#website","url":"https:\/\/gidress.com\/es\/","name":"Gidress","description":"Dress like you","publisher":{"@id":"https:\/\/gidress.com\/es\/#organization"},"alternateName":"Gidress","potentialAction":[{"@type":"SearchAction","target":{"@type":"EntryPoint","urlTemplate":"https:\/\/gidress.com\/es\/?s={search_term_string}"},"query-input":{"@type":"PropertyValueSpecification","valueRequired":true,"valueName":"search_term_string"}}],"inLanguage":"es"},{"@type":"Organization","@id":"https:\/\/gidress.com\/es\/#organization","name":"Gidress","alternateName":"Gidress","url":"https:\/\/gidress.com\/es\/","logo":{"@type":"ImageObject","inLanguage":"es","@id":"https:\/\/gidress.com\/es\/#\/schema\/logo\/image\/","url":"https:\/\/gidress.com\/wp-content\/uploads\/2022\/01\/LOGO.svg","contentUrl":"https:\/\/gidress.com\/wp-content\/uploads\/2022\/01\/LOGO.svg","width":232,"height":51,"caption":"Gidress"},"image":{"@id":"https:\/\/gidress.com\/es\/#\/schema\/logo\/image\/"},"sameAs":["https:\/\/www.facebook.com\/Gidress-107371014981699\/","https:\/\/www.instagram.com\/gidressclothing\/"],"description":"Gidress fue fundada en el 2020. Priorizando la calidad y dise\u00f1o, somos una marca atemporal que busca dar prendas que se puedan utilizar en diferentes ocasiones. Inspirada en moda de distintos pa\u00edses y teniendo simplicidad con un toque de elegancia.","email":"info@gidress.com"}]}},"jetpack_sharing_enabled":true,"_links":{"self":[{"href":"https:\/\/gidress.com\/es\/wp-json\/wp\/v2\/pages\/177","targetHints":{"allow":["GET"]}}],"collection":[{"href":"https:\/\/gidress.com\/es\/wp-json\/wp\/v2\/pages"}],"about":[{"href":"https:\/\/gidress.com\/es\/wp-json\/wp\/v2\/types\/page"}],"author":[{"embeddable":true,"href":"https:\/\/gidress.com\/es\/wp-json\/wp\/v2\/users\/1"}],"replies":[{"embeddable":true,"href":"https:\/\/gidress.com\/es\/wp-json\/wp\/v2\/comments?post=177"}],"version-history":[{"count":0,"href":"https:\/\/gidress.com\/es\/wp-json\/wp\/v2\/pages\/177\/revisions"}],"wp:attachment":[{"href":"https:\/\/gidress.com\/es\/wp-json\/wp\/v2\/media?parent=177"}],"curies":[{"name":"wp","href":"https:\/\/api.w.org\/{rel}","templated":true}]}}