{"id":5674,"date":"2023-03-05T20:02:02","date_gmt":"2023-03-06T01:02:02","guid":{"rendered":"https:\/\/gidress.com\/?post_type=product&#038;p=5674"},"modified":"2026-04-11T21:26:56","modified_gmt":"2026-04-12T02:26:56","slug":"eva-denim-skirt-preventa","status":"publish","type":"product","link":"https:\/\/gidress.com\/es\/producto\/eva-denim-skirt-preventa\/","title":{"rendered":"Eva Denim Skirt"},"content":{"rendered":"","protected":false},"excerpt":{"rendered":"<p>Nuestra falda Eva est\u00e1 hecha de 100% algod\u00f3n denim con un fit incre\u00edble para cada cuerpo.<br \/>\nDetalle de abertura perfecta en la parte delantera.<\/p>\n<p>Color: Azul Denim<br \/>\nModelo usa talla 28.<\/p>\n<p>Medidas:<br \/>\nTallas 26: 88 cm de cadera, 68 cm de cintura<br \/>\nTalla 28: 92 cm de cadera, 72 cm de cintura<br \/>\nTalla 30: 96 cm de cadera, 74 cm de cintura<br \/>\nTalla 32: 100 cm de cadera, 76 cm de cintura<\/p>\n","protected":false},"featured_media":5840,"comment_status":"open","ping_status":"closed","template":"","meta":{"_acf_changed":false},"product_cat":[184,84],"product_tag":[],"taxonamies-collections":[],"class_list":{"0":"post-5674","1":"product","2":"type-product","3":"status-publish","4":"has-post-thumbnail","6":"product_cat-denim","7":"product_cat-faldas","9":"first","10":"instock","11":"shipping-taxable","12":"purchasable","13":"product-type-variable","swatches":"rey-swatches","show_selected":"","update_gallery":"--swatch-update-gallery"},"acf":[],"yoast_head":"<!-- This site is optimized with the Yoast SEO Premium plugin v26.0 (Yoast SEO v26.0) - https:\/\/yoast.com\/wordpress\/plugins\/seo\/ -->\n<title>Eva Denim Skirt | Gidress<\/title>\n<meta name=\"description\" content=\"Gidress, moda atemporal desde 2020. Prendas vers\u00e1tiles con calidad, simplicidad y elegancia, inspiradas en tendencias internacionales.\" \/>\n<meta name=\"robots\" content=\"index, follow, max-snippet:-1, max-image-preview:large, max-video-preview:-1\" \/>\n<link rel=\"canonical\" href=\"https:\/\/gidress.com\/es\/producto\/eva-denim-skirt-preventa\/\" \/>\n<meta property=\"og:locale\" content=\"es_ES\" \/>\n<meta property=\"og:type\" content=\"article\" \/>\n<meta property=\"og:title\" content=\"Eva Denim Skirt | Gidress\" \/>\n<meta property=\"og:description\" content=\"Gidress, moda atemporal desde 2020. Prendas vers\u00e1tiles con calidad, simplicidad y elegancia, inspiradas en tendencias internacionales.\" \/>\n<meta property=\"og:url\" content=\"https:\/\/gidress.com\/es\/producto\/eva-denim-skirt-preventa\/\" \/>\n<meta property=\"og:site_name\" content=\"Gidress\" \/>\n<meta property=\"article:publisher\" content=\"https:\/\/www.facebook.com\/Gidress-107371014981699\/\" \/>\n<meta property=\"article:modified_time\" content=\"2026-04-12T02:26:56+00:00\" \/>\n<meta property=\"og:image\" content=\"https:\/\/gidress.com\/wp-content\/uploads\/2023\/03\/4-3.png\" \/>\n\t<meta property=\"og:image:width\" content=\"1125\" \/>\n\t<meta property=\"og:image:height\" content=\"1500\" \/>\n\t<meta property=\"og:image:type\" content=\"image\/png\" \/>\n<meta name=\"twitter:card\" content=\"summary_large_image\" \/>\n<script type=\"application\/ld+json\" class=\"yoast-schema-graph\">{\"@context\":\"https:\/\/schema.org\",\"@graph\":[{\"@type\":\"WebPage\",\"@id\":\"https:\/\/gidress.com\/es\/producto\/eva-denim-skirt-preventa\/\",\"url\":\"https:\/\/gidress.com\/es\/producto\/eva-denim-skirt-preventa\/\",\"name\":\"Eva Denim Skirt | Gidress\",\"isPartOf\":{\"@id\":\"https:\/\/gidress.com\/es\/#website\"},\"primaryImageOfPage\":{\"@id\":\"https:\/\/gidress.com\/es\/producto\/eva-denim-skirt-preventa\/#primaryimage\"},\"image\":{\"@id\":\"https:\/\/gidress.com\/es\/producto\/eva-denim-skirt-preventa\/#primaryimage\"},\"thumbnailUrl\":\"https:\/\/gidress.com\/wp-content\/uploads\/2023\/03\/4-3.png\",\"datePublished\":\"2023-03-06T01:02:02+00:00\",\"dateModified\":\"2026-04-12T02:26:56+00:00\",\"description\":\"Gidress, moda atemporal desde 2020. Prendas vers\u00e1tiles con calidad, simplicidad y elegancia, inspiradas en tendencias internacionales.\",\"breadcrumb\":{\"@id\":\"https:\/\/gidress.com\/es\/producto\/eva-denim-skirt-preventa\/#breadcrumb\"},\"inLanguage\":\"es\",\"potentialAction\":[{\"@type\":\"ReadAction\",\"target\":[\"https:\/\/gidress.com\/es\/producto\/eva-denim-skirt-preventa\/\"]}]},{\"@type\":\"ImageObject\",\"inLanguage\":\"es\",\"@id\":\"https:\/\/gidress.com\/es\/producto\/eva-denim-skirt-preventa\/#primaryimage\",\"url\":\"https:\/\/gidress.com\/wp-content\/uploads\/2023\/03\/4-3.png\",\"contentUrl\":\"https:\/\/gidress.com\/wp-content\/uploads\/2023\/03\/4-3.png\",\"width\":1125,\"height\":1500},{\"@type\":\"BreadcrumbList\",\"@id\":\"https:\/\/gidress.com\/es\/producto\/eva-denim-skirt-preventa\/#breadcrumb\",\"itemListElement\":[{\"@type\":\"ListItem\",\"position\":1,\"name\":\"Portada\",\"item\":\"https:\/\/gidress.com\/es\/\"},{\"@type\":\"ListItem\",\"position\":2,\"name\":\"Shop\",\"item\":\"https:\/\/gidress.com\/es\/shop\/\"},{\"@type\":\"ListItem\",\"position\":3,\"name\":\"Eva Denim Skirt\"}]},{\"@type\":\"WebSite\",\"@id\":\"https:\/\/gidress.com\/es\/#website\",\"url\":\"https:\/\/gidress.com\/es\/\",\"name\":\"Gidress\",\"description\":\"Dress like you\",\"publisher\":{\"@id\":\"https:\/\/gidress.com\/es\/#organization\"},\"alternateName\":\"Gidress\",\"potentialAction\":[{\"@type\":\"SearchAction\",\"target\":{\"@type\":\"EntryPoint\",\"urlTemplate\":\"https:\/\/gidress.com\/es\/?s={search_term_string}\"},\"query-input\":{\"@type\":\"PropertyValueSpecification\",\"valueRequired\":true,\"valueName\":\"search_term_string\"}}],\"inLanguage\":\"es\"},{\"@type\":\"Organization\",\"@id\":\"https:\/\/gidress.com\/es\/#organization\",\"name\":\"Gidress\",\"alternateName\":\"Gidress\",\"url\":\"https:\/\/gidress.com\/es\/\",\"logo\":{\"@type\":\"ImageObject\",\"inLanguage\":\"es\",\"@id\":\"https:\/\/gidress.com\/es\/#\/schema\/logo\/image\/\",\"url\":\"https:\/\/gidress.com\/wp-content\/uploads\/2022\/01\/LOGO.svg\",\"contentUrl\":\"https:\/\/gidress.com\/wp-content\/uploads\/2022\/01\/LOGO.svg\",\"width\":232,\"height\":51,\"caption\":\"Gidress\"},\"image\":{\"@id\":\"https:\/\/gidress.com\/es\/#\/schema\/logo\/image\/\"},\"sameAs\":[\"https:\/\/www.facebook.com\/Gidress-107371014981699\/\",\"https:\/\/www.instagram.com\/gidressclothing\/\"],\"description\":\"Gidress fue fundada en el 2020. Priorizando la calidad y dise\u00f1o, somos una marca atemporal que busca dar prendas que se puedan utilizar en diferentes ocasiones. Inspirada en moda de distintos pa\u00edses y teniendo simplicidad con un toque de elegancia.\",\"email\":\"info@gidress.com\"}]}<\/script>\n<!-- \/ Yoast SEO Premium plugin. -->","yoast_head_json":{"title":"Eva Denim Skirt | Gidress","description":"Gidress, moda atemporal desde 2020. Prendas vers\u00e1tiles con calidad, simplicidad y elegancia, inspiradas en tendencias internacionales.","robots":{"index":"index","follow":"follow","max-snippet":"max-snippet:-1","max-image-preview":"max-image-preview:large","max-video-preview":"max-video-preview:-1"},"canonical":"https:\/\/gidress.com\/es\/producto\/eva-denim-skirt-preventa\/","og_locale":"es_ES","og_type":"article","og_title":"Eva Denim Skirt | Gidress","og_description":"Gidress, moda atemporal desde 2020. Prendas vers\u00e1tiles con calidad, simplicidad y elegancia, inspiradas en tendencias internacionales.","og_url":"https:\/\/gidress.com\/es\/producto\/eva-denim-skirt-preventa\/","og_site_name":"Gidress","article_publisher":"https:\/\/www.facebook.com\/Gidress-107371014981699\/","article_modified_time":"2026-04-12T02:26:56+00:00","og_image":[{"width":1125,"height":1500,"url":"https:\/\/gidress.com\/wp-content\/uploads\/2023\/03\/4-3.png","type":"image\/png"}],"twitter_card":"summary_large_image","schema":{"@context":"https:\/\/schema.org","@graph":[{"@type":"WebPage","@id":"https:\/\/gidress.com\/es\/producto\/eva-denim-skirt-preventa\/","url":"https:\/\/gidress.com\/es\/producto\/eva-denim-skirt-preventa\/","name":"Eva Denim Skirt | Gidress","isPartOf":{"@id":"https:\/\/gidress.com\/es\/#website"},"primaryImageOfPage":{"@id":"https:\/\/gidress.com\/es\/producto\/eva-denim-skirt-preventa\/#primaryimage"},"image":{"@id":"https:\/\/gidress.com\/es\/producto\/eva-denim-skirt-preventa\/#primaryimage"},"thumbnailUrl":"https:\/\/gidress.com\/wp-content\/uploads\/2023\/03\/4-3.png","datePublished":"2023-03-06T01:02:02+00:00","dateModified":"2026-04-12T02:26:56+00:00","description":"Gidress, moda atemporal desde 2020. Prendas vers\u00e1tiles con calidad, simplicidad y elegancia, inspiradas en tendencias internacionales.","breadcrumb":{"@id":"https:\/\/gidress.com\/es\/producto\/eva-denim-skirt-preventa\/#breadcrumb"},"inLanguage":"es","potentialAction":[{"@type":"ReadAction","target":["https:\/\/gidress.com\/es\/producto\/eva-denim-skirt-preventa\/"]}]},{"@type":"ImageObject","inLanguage":"es","@id":"https:\/\/gidress.com\/es\/producto\/eva-denim-skirt-preventa\/#primaryimage","url":"https:\/\/gidress.com\/wp-content\/uploads\/2023\/03\/4-3.png","contentUrl":"https:\/\/gidress.com\/wp-content\/uploads\/2023\/03\/4-3.png","width":1125,"height":1500},{"@type":"BreadcrumbList","@id":"https:\/\/gidress.com\/es\/producto\/eva-denim-skirt-preventa\/#breadcrumb","itemListElement":[{"@type":"ListItem","position":1,"name":"Portada","item":"https:\/\/gidress.com\/es\/"},{"@type":"ListItem","position":2,"name":"Shop","item":"https:\/\/gidress.com\/es\/shop\/"},{"@type":"ListItem","position":3,"name":"Eva Denim Skirt"}]},{"@type":"WebSite","@id":"https:\/\/gidress.com\/es\/#website","url":"https:\/\/gidress.com\/es\/","name":"Gidress","description":"Dress like you","publisher":{"@id":"https:\/\/gidress.com\/es\/#organization"},"alternateName":"Gidress","potentialAction":[{"@type":"SearchAction","target":{"@type":"EntryPoint","urlTemplate":"https:\/\/gidress.com\/es\/?s={search_term_string}"},"query-input":{"@type":"PropertyValueSpecification","valueRequired":true,"valueName":"search_term_string"}}],"inLanguage":"es"},{"@type":"Organization","@id":"https:\/\/gidress.com\/es\/#organization","name":"Gidress","alternateName":"Gidress","url":"https:\/\/gidress.com\/es\/","logo":{"@type":"ImageObject","inLanguage":"es","@id":"https:\/\/gidress.com\/es\/#\/schema\/logo\/image\/","url":"https:\/\/gidress.com\/wp-content\/uploads\/2022\/01\/LOGO.svg","contentUrl":"https:\/\/gidress.com\/wp-content\/uploads\/2022\/01\/LOGO.svg","width":232,"height":51,"caption":"Gidress"},"image":{"@id":"https:\/\/gidress.com\/es\/#\/schema\/logo\/image\/"},"sameAs":["https:\/\/www.facebook.com\/Gidress-107371014981699\/","https:\/\/www.instagram.com\/gidressclothing\/"],"description":"Gidress fue fundada en el 2020. Priorizando la calidad y dise\u00f1o, somos una marca atemporal que busca dar prendas que se puedan utilizar en diferentes ocasiones. Inspirada en moda de distintos pa\u00edses y teniendo simplicidad con un toque de elegancia.","email":"info@gidress.com"}]}},"jetpack_sharing_enabled":true,"_links":{"self":[{"href":"https:\/\/gidress.com\/es\/wp-json\/wp\/v2\/product\/5674","targetHints":{"allow":["GET"]}}],"collection":[{"href":"https:\/\/gidress.com\/es\/wp-json\/wp\/v2\/product"}],"about":[{"href":"https:\/\/gidress.com\/es\/wp-json\/wp\/v2\/types\/product"}],"replies":[{"embeddable":true,"href":"https:\/\/gidress.com\/es\/wp-json\/wp\/v2\/comments?post=5674"}],"wp:featuredmedia":[{"embeddable":true,"href":"https:\/\/gidress.com\/es\/wp-json\/wp\/v2\/media\/5840"}],"wp:attachment":[{"href":"https:\/\/gidress.com\/es\/wp-json\/wp\/v2\/media?parent=5674"}],"wp:term":[{"taxonomy":"product_cat","embeddable":true,"href":"https:\/\/gidress.com\/es\/wp-json\/wp\/v2\/product_cat?post=5674"},{"taxonomy":"product_tag","embeddable":true,"href":"https:\/\/gidress.com\/es\/wp-json\/wp\/v2\/product_tag?post=5674"},{"taxonomy":"taxonamies-collections","embeddable":true,"href":"https:\/\/gidress.com\/es\/wp-json\/wp\/v2\/taxonamies-collections?post=5674"}],"curies":[{"name":"wp","href":"https:\/\/api.w.org\/{rel}","templated":true}]}}