{"id":5777,"date":"2023-03-27T15:00:03","date_gmt":"2023-03-27T20:00:03","guid":{"rendered":"https:\/\/gidress.com\/?post_type=product&#038;p=5777"},"modified":"2026-04-11T21:26:56","modified_gmt":"2026-04-12T02:26:56","slug":"blusa-vera","status":"publish","type":"product","link":"https:\/\/gidress.com\/es\/producto\/blusa-vera\/","title":{"rendered":"Blusa Vera"},"content":{"rendered":"","protected":false},"excerpt":{"rendered":"<p>Oversized, elegante y con un estampado \u00fanico. Nuestra nueva blusa Vera es la pieza perfecta en tu closet para elevar tus looks. Tiene un tacto s\u00faper suave, hecha de seda francesa satinada. \u00dasala dentro o fuera de jeans, faldas o pantalones.<\/p>\n<p>Modelo usa talla Small.<\/p>\n<p>Material: Seda francesa<\/p>\n<p>Medidas:<\/p>\n<div dir=\"auto\">Talla S:<\/div>\n<div dir=\"auto\">Sost\u00e9n 32A a 34B<\/div>\n<div dir=\"auto\">Contorno de cintura: 60 a 70 cms<\/div>\n<div dir=\"auto\"><\/div>\n<div dir=\"auto\">Talla M:<\/div>\n<div dir=\"auto\">Sosten 34B a 36B<\/div>\n<div dir=\"auto\">Contorno cintura: 70 cms a 80 cms<\/div>\n<div dir=\"auto\"><\/div>\n<div dir=\"auto\">Talla L<\/div>\n<div dir=\"auto\">Sost\u00e9n 36B a m\u00e1s<\/div>\n<div dir=\"auto\">Contorno cintura: 80 a 99 cms<\/div>\n","protected":false},"featured_media":5820,"comment_status":"open","ping_status":"closed","template":"","meta":{"_acf_changed":false},"product_cat":[89,325],"product_tag":[],"taxonamies-collections":[],"class_list":{"0":"post-5777","1":"product","2":"type-product","3":"status-publish","4":"has-post-thumbnail","6":"product_cat-tops","9":"first","10":"instock","11":"shipping-taxable","12":"purchasable","13":"product-type-variable","swatches":"rey-swatches","show_selected":"","update_gallery":"--swatch-update-gallery"},"acf":[],"yoast_head":"<!-- This site is optimized with the Yoast SEO Premium plugin v26.0 (Yoast SEO v26.0) - https:\/\/yoast.com\/wordpress\/plugins\/seo\/ -->\n<title>Blusa Vera | Gidress<\/title>\n<meta name=\"description\" content=\"Gidress, moda atemporal desde 2020. Prendas vers\u00e1tiles con calidad, simplicidad y elegancia, inspiradas en tendencias internacionales.\" \/>\n<meta name=\"robots\" content=\"index, follow, max-snippet:-1, max-image-preview:large, max-video-preview:-1\" \/>\n<link rel=\"canonical\" href=\"https:\/\/gidress.com\/es\/producto\/blusa-vera\/\" \/>\n<meta property=\"og:locale\" content=\"es_ES\" \/>\n<meta property=\"og:type\" content=\"article\" \/>\n<meta property=\"og:title\" content=\"Blusa Vera | Gidress\" \/>\n<meta property=\"og:description\" content=\"Gidress, moda atemporal desde 2020. Prendas vers\u00e1tiles con calidad, simplicidad y elegancia, inspiradas en tendencias internacionales.\" \/>\n<meta property=\"og:url\" content=\"https:\/\/gidress.com\/es\/producto\/blusa-vera\/\" \/>\n<meta property=\"og:site_name\" content=\"Gidress\" \/>\n<meta property=\"article:publisher\" content=\"https:\/\/www.facebook.com\/Gidress-107371014981699\/\" \/>\n<meta property=\"article:modified_time\" content=\"2026-04-12T02:26:56+00:00\" \/>\n<meta property=\"og:image\" content=\"https:\/\/gidress.com\/wp-content\/uploads\/2023\/03\/5-2-768x1024.png\" \/>\n\t<meta property=\"og:image:width\" content=\"768\" \/>\n\t<meta property=\"og:image:height\" content=\"1024\" \/>\n\t<meta property=\"og:image:type\" content=\"image\/png\" \/>\n<meta name=\"twitter:card\" content=\"summary_large_image\" \/>\n<script type=\"application\/ld+json\" class=\"yoast-schema-graph\">{\"@context\":\"https:\/\/schema.org\",\"@graph\":[{\"@type\":\"WebPage\",\"@id\":\"https:\/\/gidress.com\/es\/producto\/blusa-vera\/\",\"url\":\"https:\/\/gidress.com\/es\/producto\/blusa-vera\/\",\"name\":\"Blusa Vera | Gidress\",\"isPartOf\":{\"@id\":\"https:\/\/gidress.com\/es\/#website\"},\"primaryImageOfPage\":{\"@id\":\"https:\/\/gidress.com\/es\/producto\/blusa-vera\/#primaryimage\"},\"image\":{\"@id\":\"https:\/\/gidress.com\/es\/producto\/blusa-vera\/#primaryimage\"},\"thumbnailUrl\":\"https:\/\/gidress.com\/wp-content\/uploads\/2023\/03\/5-2.png\",\"datePublished\":\"2023-03-27T20:00:03+00:00\",\"dateModified\":\"2026-04-12T02:26:56+00:00\",\"description\":\"Gidress, moda atemporal desde 2020. Prendas vers\u00e1tiles con calidad, simplicidad y elegancia, inspiradas en tendencias internacionales.\",\"breadcrumb\":{\"@id\":\"https:\/\/gidress.com\/es\/producto\/blusa-vera\/#breadcrumb\"},\"inLanguage\":\"es\",\"potentialAction\":[{\"@type\":\"ReadAction\",\"target\":[\"https:\/\/gidress.com\/es\/producto\/blusa-vera\/\"]}]},{\"@type\":\"ImageObject\",\"inLanguage\":\"es\",\"@id\":\"https:\/\/gidress.com\/es\/producto\/blusa-vera\/#primaryimage\",\"url\":\"https:\/\/gidress.com\/wp-content\/uploads\/2023\/03\/5-2.png\",\"contentUrl\":\"https:\/\/gidress.com\/wp-content\/uploads\/2023\/03\/5-2.png\",\"width\":1125,\"height\":1500},{\"@type\":\"BreadcrumbList\",\"@id\":\"https:\/\/gidress.com\/es\/producto\/blusa-vera\/#breadcrumb\",\"itemListElement\":[{\"@type\":\"ListItem\",\"position\":1,\"name\":\"Portada\",\"item\":\"https:\/\/gidress.com\/es\/\"},{\"@type\":\"ListItem\",\"position\":2,\"name\":\"Shop\",\"item\":\"https:\/\/gidress.com\/es\/shop\/\"},{\"@type\":\"ListItem\",\"position\":3,\"name\":\"Blusa Vera\"}]},{\"@type\":\"WebSite\",\"@id\":\"https:\/\/gidress.com\/es\/#website\",\"url\":\"https:\/\/gidress.com\/es\/\",\"name\":\"Gidress\",\"description\":\"Dress like you\",\"publisher\":{\"@id\":\"https:\/\/gidress.com\/es\/#organization\"},\"alternateName\":\"Gidress\",\"potentialAction\":[{\"@type\":\"SearchAction\",\"target\":{\"@type\":\"EntryPoint\",\"urlTemplate\":\"https:\/\/gidress.com\/es\/?s={search_term_string}\"},\"query-input\":{\"@type\":\"PropertyValueSpecification\",\"valueRequired\":true,\"valueName\":\"search_term_string\"}}],\"inLanguage\":\"es\"},{\"@type\":\"Organization\",\"@id\":\"https:\/\/gidress.com\/es\/#organization\",\"name\":\"Gidress\",\"alternateName\":\"Gidress\",\"url\":\"https:\/\/gidress.com\/es\/\",\"logo\":{\"@type\":\"ImageObject\",\"inLanguage\":\"es\",\"@id\":\"https:\/\/gidress.com\/es\/#\/schema\/logo\/image\/\",\"url\":\"https:\/\/gidress.com\/wp-content\/uploads\/2022\/01\/LOGO.svg\",\"contentUrl\":\"https:\/\/gidress.com\/wp-content\/uploads\/2022\/01\/LOGO.svg\",\"width\":232,\"height\":51,\"caption\":\"Gidress\"},\"image\":{\"@id\":\"https:\/\/gidress.com\/es\/#\/schema\/logo\/image\/\"},\"sameAs\":[\"https:\/\/www.facebook.com\/Gidress-107371014981699\/\",\"https:\/\/www.instagram.com\/gidressclothing\/\"],\"description\":\"Gidress fue fundada en el 2020. Priorizando la calidad y dise\u00f1o, somos una marca atemporal que busca dar prendas que se puedan utilizar en diferentes ocasiones. Inspirada en moda de distintos pa\u00edses y teniendo simplicidad con un toque de elegancia.\",\"email\":\"info@gidress.com\"}]}<\/script>\n<!-- \/ Yoast SEO Premium plugin. -->","yoast_head_json":{"title":"Blusa Vera | Gidress","description":"Gidress, moda atemporal desde 2020. Prendas vers\u00e1tiles con calidad, simplicidad y elegancia, inspiradas en tendencias internacionales.","robots":{"index":"index","follow":"follow","max-snippet":"max-snippet:-1","max-image-preview":"max-image-preview:large","max-video-preview":"max-video-preview:-1"},"canonical":"https:\/\/gidress.com\/es\/producto\/blusa-vera\/","og_locale":"es_ES","og_type":"article","og_title":"Blusa Vera | Gidress","og_description":"Gidress, moda atemporal desde 2020. Prendas vers\u00e1tiles con calidad, simplicidad y elegancia, inspiradas en tendencias internacionales.","og_url":"https:\/\/gidress.com\/es\/producto\/blusa-vera\/","og_site_name":"Gidress","article_publisher":"https:\/\/www.facebook.com\/Gidress-107371014981699\/","article_modified_time":"2026-04-12T02:26:56+00:00","og_image":[{"width":768,"height":1024,"url":"https:\/\/gidress.com\/wp-content\/uploads\/2023\/03\/5-2-768x1024.png","type":"image\/png"}],"twitter_card":"summary_large_image","schema":{"@context":"https:\/\/schema.org","@graph":[{"@type":"WebPage","@id":"https:\/\/gidress.com\/es\/producto\/blusa-vera\/","url":"https:\/\/gidress.com\/es\/producto\/blusa-vera\/","name":"Blusa Vera | Gidress","isPartOf":{"@id":"https:\/\/gidress.com\/es\/#website"},"primaryImageOfPage":{"@id":"https:\/\/gidress.com\/es\/producto\/blusa-vera\/#primaryimage"},"image":{"@id":"https:\/\/gidress.com\/es\/producto\/blusa-vera\/#primaryimage"},"thumbnailUrl":"https:\/\/gidress.com\/wp-content\/uploads\/2023\/03\/5-2.png","datePublished":"2023-03-27T20:00:03+00:00","dateModified":"2026-04-12T02:26:56+00:00","description":"Gidress, moda atemporal desde 2020. Prendas vers\u00e1tiles con calidad, simplicidad y elegancia, inspiradas en tendencias internacionales.","breadcrumb":{"@id":"https:\/\/gidress.com\/es\/producto\/blusa-vera\/#breadcrumb"},"inLanguage":"es","potentialAction":[{"@type":"ReadAction","target":["https:\/\/gidress.com\/es\/producto\/blusa-vera\/"]}]},{"@type":"ImageObject","inLanguage":"es","@id":"https:\/\/gidress.com\/es\/producto\/blusa-vera\/#primaryimage","url":"https:\/\/gidress.com\/wp-content\/uploads\/2023\/03\/5-2.png","contentUrl":"https:\/\/gidress.com\/wp-content\/uploads\/2023\/03\/5-2.png","width":1125,"height":1500},{"@type":"BreadcrumbList","@id":"https:\/\/gidress.com\/es\/producto\/blusa-vera\/#breadcrumb","itemListElement":[{"@type":"ListItem","position":1,"name":"Portada","item":"https:\/\/gidress.com\/es\/"},{"@type":"ListItem","position":2,"name":"Shop","item":"https:\/\/gidress.com\/es\/shop\/"},{"@type":"ListItem","position":3,"name":"Blusa Vera"}]},{"@type":"WebSite","@id":"https:\/\/gidress.com\/es\/#website","url":"https:\/\/gidress.com\/es\/","name":"Gidress","description":"Dress like you","publisher":{"@id":"https:\/\/gidress.com\/es\/#organization"},"alternateName":"Gidress","potentialAction":[{"@type":"SearchAction","target":{"@type":"EntryPoint","urlTemplate":"https:\/\/gidress.com\/es\/?s={search_term_string}"},"query-input":{"@type":"PropertyValueSpecification","valueRequired":true,"valueName":"search_term_string"}}],"inLanguage":"es"},{"@type":"Organization","@id":"https:\/\/gidress.com\/es\/#organization","name":"Gidress","alternateName":"Gidress","url":"https:\/\/gidress.com\/es\/","logo":{"@type":"ImageObject","inLanguage":"es","@id":"https:\/\/gidress.com\/es\/#\/schema\/logo\/image\/","url":"https:\/\/gidress.com\/wp-content\/uploads\/2022\/01\/LOGO.svg","contentUrl":"https:\/\/gidress.com\/wp-content\/uploads\/2022\/01\/LOGO.svg","width":232,"height":51,"caption":"Gidress"},"image":{"@id":"https:\/\/gidress.com\/es\/#\/schema\/logo\/image\/"},"sameAs":["https:\/\/www.facebook.com\/Gidress-107371014981699\/","https:\/\/www.instagram.com\/gidressclothing\/"],"description":"Gidress fue fundada en el 2020. Priorizando la calidad y dise\u00f1o, somos una marca atemporal que busca dar prendas que se puedan utilizar en diferentes ocasiones. Inspirada en moda de distintos pa\u00edses y teniendo simplicidad con un toque de elegancia.","email":"info@gidress.com"}]}},"jetpack_sharing_enabled":true,"_links":{"self":[{"href":"https:\/\/gidress.com\/es\/wp-json\/wp\/v2\/product\/5777","targetHints":{"allow":["GET"]}}],"collection":[{"href":"https:\/\/gidress.com\/es\/wp-json\/wp\/v2\/product"}],"about":[{"href":"https:\/\/gidress.com\/es\/wp-json\/wp\/v2\/types\/product"}],"replies":[{"embeddable":true,"href":"https:\/\/gidress.com\/es\/wp-json\/wp\/v2\/comments?post=5777"}],"wp:featuredmedia":[{"embeddable":true,"href":"https:\/\/gidress.com\/es\/wp-json\/wp\/v2\/media\/5820"}],"wp:attachment":[{"href":"https:\/\/gidress.com\/es\/wp-json\/wp\/v2\/media?parent=5777"}],"wp:term":[{"taxonomy":"product_cat","embeddable":true,"href":"https:\/\/gidress.com\/es\/wp-json\/wp\/v2\/product_cat?post=5777"},{"taxonomy":"product_tag","embeddable":true,"href":"https:\/\/gidress.com\/es\/wp-json\/wp\/v2\/product_tag?post=5777"},{"taxonomy":"taxonamies-collections","embeddable":true,"href":"https:\/\/gidress.com\/es\/wp-json\/wp\/v2\/taxonamies-collections?post=5777"}],"curies":[{"name":"wp","href":"https:\/\/api.w.org\/{rel}","templated":true}]}}